{"id":5574,"date":"2025-11-05T11:45:32","date_gmt":"2025-11-05T10:45:32","guid":{"rendered":"https:\/\/www.orasche.at\/?page_id=5574"},"modified":"2025-11-05T11:45:32","modified_gmt":"2025-11-05T10:45:32","slug":"barrierefreiheit-2","status":"publish","type":"page","link":"https:\/\/www.orasche.at\/en\/barrierefreiheit-2\/","title":{"rendered":"Accessibility"},"content":{"rendered":"<h2>Barrierefreiheitserkl\u00e4rung f\u00fcr Dr. med. Sylvia Orasche<\/h2>\n<p>Bei <strong>Dr. med. Sylvia Orasche<\/strong> setzen wir uns daf\u00fcr ein, unsere digitale Pr\u00e4senz so barrierefrei und inklusiv wie m\u00f6glich zu gestalten \u2013 f\u00fcr alle Nutzer, einschlie\u00dflich Menschen mit Behinderungen. Unser Ziel ist es, die Benutzerfreundlichkeit von <strong>www.orasche.at<\/strong> zu verbessern und ein barrierefreies Erlebnis f\u00fcr alle zu unterst\u00fctzen, unabh\u00e4ngig von ihren F\u00e4higkeiten oder den verwendeten Technologien.<\/p>\n<h3>Unser Ansatz zur Barrierefreiheit<\/h3>\n<p>Wir orientieren uns an den Web Content Accessibility Guidelines (WCAG), die international anerkannte Standards f\u00fcr digitale Barrierefreiheit definieren. Auch wenn eine vollst\u00e4ndige Konformit\u00e4t nicht immer garantiert werden kann, streben wir an, Verbesserungen umzusetzen, wo dies m\u00f6glich ist, und \u00fcberpr\u00fcfen regelm\u00e4\u00dfig barrierebezogene Aspekte unserer Website. Barrierefreiheit ist ein fortlaufender Prozess, und wir sind bestrebt, das Nutzererlebnis kontinuierlich zu verbessern, w\u00e4hrend sich Technologien, Standards und Nutzerbed\u00fcrfnisse weiterentwickeln.<\/p>\n<h3>Barrierefreiheitsfunktionen<\/h3>\n<p>Um die Barrierefreiheit zu unterst\u00fctzen, kann <strong>www.orasche.at<\/strong> Tools wie die OneTap-Barrierefreiheitstoolleiste verwenden. Diese Benutzeroberfl\u00e4che bietet eine Reihe hilfreicher Funktionen, darunter:<\/p>\n<ul>\n<li>Anpassbare Textgr\u00f6\u00dfe und Kontrasteinstellungen<\/li>\n<li>Hervorhebung von Links und Text zur besseren Sichtbarkeit<\/li>\n<li>Vollst\u00e4ndige Tastaturnavigation der Toolleisten-Oberfl\u00e4che<\/li>\n<li>Schnellstart \u00fcber Tastenkombination: <strong>Alt + .<\/strong> (Windows) oder <strong>\u2318 + .<\/strong> (Mac)<\/li>\n<\/ul>\n<p><strong>Bitte beachten Sie Folgendes:<\/strong><\/p>\n<ul>\n<li>Die Verf\u00fcgbarkeit und Wirksamkeit dieser Funktionen h\u00e4ngen von der Konfiguration und laufenden Wartung der Website ab.<\/li>\n<li>Auch wenn wir bestrebt sind, Barrierefreiheit zu gew\u00e4hrleisten, k\u00f6nnen wir nicht garantieren, dass jeder Teil von <strong>www.orasche.at<\/strong> jederzeit vollst\u00e4ndig barrierefrei ist. Einige Inhalte k\u00f6nnen von Dritten bereitgestellt werden oder durch technische Einschr\u00e4nkungen au\u00dferhalb unserer Kontrolle beeinflusst sein.<\/li>\n<\/ul>\n<h3>Feedback und Kontakt<\/h3>\n<p>Wir freuen uns \u00fcber Ihr Feedback. Wenn Sie auf Barrieren sto\u00dfen oder Verbesserungsvorschl\u00e4ge haben, kontaktieren Sie uns bitte: E-Mail: <strong>ordination@orasche.at<\/strong> Wir sind bestrebt, alle Anfragen zu pr\u00fcfen und innerhalb von 3\u20135 Werktagen zu antworten. Wenn Sie Unterst\u00fctzung beim Zugriff auf Teile dieser Website ben\u00f6tigen, stellen wir auf Anfrage gerne alternative Zugangswege bereit. <strong>Letzte Aktualisierung:<\/strong> 5. November 2025<\/p>","protected":false},"excerpt":{"rendered":"<p>Barrierefreiheitserkl\u00e4rung f\u00fcr Dr. med. Sylvia Orasche Bei Dr. med. Sylvia Orasche setzen wir uns daf\u00fcr ein, unsere digitale Pr\u00e4senz so barrierefrei und inklusiv wie m\u00f6glich zu gestalten \u2013 f\u00fcr alle Nutzer, einschlie\u00dflich Menschen mit Behinderungen. Unser Ziel ist es, die Benutzerfreundlichkeit von www.orasche.at zu verbessern und ein barrierefreies Erlebnis f\u00fcr alle zu unterst\u00fctzen, unabh\u00e4ngig von [&hellip;]<\/p>\n","protected":false},"author":1,"featured_media":0,"parent":0,"menu_order":0,"comment_status":"closed","ping_status":"closed","template":"","meta":{"inline_featured_image":false,"site-sidebar-layout":"default","site-content-layout":"","ast-site-content-layout":"default","site-content-style":"default","site-sidebar-style":"default","ast-global-header-display":"","ast-banner-title-visibility":"","ast-main-header-display":"","ast-hfb-above-header-display":"","ast-hfb-below-header-display":"","ast-hfb-mobile-header-display":"","site-post-title":"","ast-breadcrumbs-content":"","ast-featured-img":"","footer-sml-layout":"","ast-disable-related-posts":"","theme-transparent-header-meta":"default","adv-header-id-meta":"","stick-header-meta":"default","header-above-stick-meta":"","header-main-stick-meta":"","header-below-stick-meta":"","astra-migrate-meta-layouts":"set","ast-page-background-enabled":"default","ast-page-background-meta":{"desktop":{"background-color":"var(--ast-global-color-4)","background-image":"","background-repeat":"repeat","background-position":"center center","background-size":"auto","background-attachment":"scroll","background-type":"","background-media":"","overlay-type":"","overlay-color":"","overlay-opacity":"","overlay-gradient":""},"tablet":{"background-color":"","background-image":"","background-repeat":"repeat","background-position":"center center","background-size":"auto","background-attachment":"scroll","background-type":"","background-media":"","overlay-type":"","overlay-color":"","overlay-opacity":"","overlay-gradient":""},"mobile":{"background-color":"","background-image":"","background-repeat":"repeat","background-position":"center center","background-size":"auto","background-attachment":"scroll","background-type":"","background-media":"","overlay-type":"","overlay-color":"","overlay-opacity":"","overlay-gradient":""}},"ast-content-background-meta":{"desktop":{"background-color":"var(--ast-global-color-5)","background-image":"","background-repeat":"repeat","background-position":"center center","background-size":"auto","background-attachment":"scroll","background-type":"","background-media":"","overlay-type":"","overlay-color":"","overlay-opacity":"","overlay-gradient":""},"tablet":{"background-color":"var(--ast-global-color-5)","background-image":"","background-repeat":"repeat","background-position":"center center","background-size":"auto","background-attachment":"scroll","background-type":"","background-media":"","overlay-type":"","overlay-color":"","overlay-opacity":"","overlay-gradient":""},"mobile":{"background-color":"var(--ast-global-color-5)","background-image":"","background-repeat":"repeat","background-position":"center center","background-size":"auto","background-attachment":"scroll","background-type":"","background-media":"","overlay-type":"","overlay-color":"","overlay-opacity":"","overlay-gradient":""}},"_joinchat":[],"footnotes":""},"class_list":["post-5574","page","type-page","status-publish","hentry"],"_links":{"self":[{"href":"https:\/\/www.orasche.at\/en\/wp-json\/wp\/v2\/pages\/5574","targetHints":{"allow":["GET"]}}],"collection":[{"href":"https:\/\/www.orasche.at\/en\/wp-json\/wp\/v2\/pages"}],"about":[{"href":"https:\/\/www.orasche.at\/en\/wp-json\/wp\/v2\/types\/page"}],"author":[{"embeddable":true,"href":"https:\/\/www.orasche.at\/en\/wp-json\/wp\/v2\/users\/1"}],"replies":[{"embeddable":true,"href":"https:\/\/www.orasche.at\/en\/wp-json\/wp\/v2\/comments?post=5574"}],"version-history":[{"count":0,"href":"https:\/\/www.orasche.at\/en\/wp-json\/wp\/v2\/pages\/5574\/revisions"}],"wp:attachment":[{"href":"https:\/\/www.orasche.at\/en\/wp-json\/wp\/v2\/media?parent=5574"}],"curies":[{"name":"wp","href":"https:\/\/api.w.org\/{rel}","templated":true}]}}